{"id":37,"date":"2015-01-13T03:28:03","date_gmt":"2015-01-13T03:28:03","guid":{"rendered":"http:\/\/sw-themes.com\/porto_dummy\/?page_id=37"},"modified":"2016-12-31T15:09:15","modified_gmt":"2016-12-31T15:09:15","slug":"contact-us","status":"publish","type":"page","link":"https:\/\/www.carpinterialuque.com\/index.php\/contact-us\/","title":{"rendered":"Contact Us"},"content":{"rendered":"<p>[vc_row full_width=&#8221;stretch_row_content_no_spaces&#8221; css=&#8221;.vc_custom_1443107716300{margin-top: 0px !important;margin-bottom: 0px !important;}&#8221;][vc_column][vc_gmaps link=&#8221;#E-8_JTNDaWZyYW1lJTIwc3JjJTNEJTIyaHR0cHMlM0ElMkYlMkZ3d3cuZ29vZ2xlLmNvbSUyRm1hcHMlMkZlbWJlZCUzRnBiJTNEJTIxMW0xOCUyMTFtMTIlMjExbTMlMjExZDMxOTkuMjUzMjYwNzgyNzQ3NSUyMTJkLTQuNDc3MjM5MTg0NDM0NDg4JTIxM2QzNi42OTI0NTE1Nzk5NzElMjEybTMlMjExZjAlMjEyZjAlMjEzZjAlMjEzbTIlMjExaTEwMjQlMjEyaTc2OCUyMTRmMTMuMSUyMTNtMyUyMTFtMiUyMTFzMHhkNzJmOWY5NTA3YWFlYzMlMjUzQTB4OTc2YzU5ZWQyMTI2YzdmZCUyMTJzQ2FycGludGVyaWElMkJMVVFVRSUyNTJDJTJCRWJhbmlzdGVyJTI1QzMlMjVBRGElMjE1ZTAlMjEzbTIlMjExc2VuJTIxMnNlcyUyMTR2MTQ4MzExNTY2MzA0MSUyMiUyMHdpZHRoJTNEJTIyNjAwJTIyJTIwaGVpZ2h0JTNEJTIyNDUwJTIyJTIwZnJhbWVib3JkZXIlM0QlMjIwJTIyJTIwc3R5bGUlM0QlMjJib3JkZXIlM0EwJTIyJTIwYWxsb3dmdWxsc2NyZWVuJTNFJTNDJTJGaWZyYW1lJTNF&#8221;][\/vc_column][\/vc_row][vc_row wrap_container=&#8221;yes&#8221; is_section=&#8221;yes&#8221; section_skin=&#8221;parallax&#8221; remove_margin_top=&#8221;yes&#8221; remove_margin_bottom=&#8221;yes&#8221;][vc_column width=&#8221;1\/2&#8243;]<div role=\"form\" class=\"wpcf7\" id=\"wpcf7-f43-o1\" lang=\"en-US\" dir=\"ltr\">\n<div class=\"screen-reader-response\"><\/div>\n<form action=\"\/index.php\/wp-json\/wp\/v2\/pages\/37#wpcf7-f43-o1\" method=\"post\" class=\"wpcf7-form\" novalidate=\"novalidate\">\n<div style=\"display: none;\">\n<input type=\"hidden\" name=\"_wpcf7\" value=\"43\" \/>\n<input type=\"hidden\" name=\"_wpcf7_version\" value=\"5.1.5\" \/>\n<input type=\"hidden\" name=\"_wpcf7_locale\" value=\"en_US\" \/>\n<input type=\"hidden\" name=\"_wpcf7_unit_tag\" value=\"wpcf7-f43-o1\" \/>\n<input type=\"hidden\" name=\"_wpcf7_container_post\" value=\"0\" \/>\n<\/div>\n<h2 class=\"short\"><strong>Cont\u00e1ctanos<\/strong><\/h2>\n<div class=\"row\">\n<div class=\"col-md-6\">\n<div class=\"form-group\">\n            <label for=\"contact-name\">Nombre *<\/label><br \/>\n            <span class=\"wpcf7-form-control-wrap your-name\"><input type=\"text\" name=\"your-name\" value=\"\" size=\"40\" class=\"wpcf7-form-control wpcf7-text wpcf7-validates-as-required form-control\" id=\"contact-name\" aria-required=\"true\" aria-invalid=\"false\" \/><\/span>\n        <\/div><\/div>\n<div class=\"col-md-6\">\n<div class=\"form-group\">\n            <label for=\"contact-email\">Email *<\/label><br \/>\n            <span class=\"wpcf7-form-control-wrap your-email\"><input type=\"email\" name=\"your-email\" value=\"\" size=\"40\" class=\"wpcf7-form-control wpcf7-text wpcf7-email wpcf7-validates-as-required wpcf7-validates-as-email form-control\" id=\"contact-email\" aria-required=\"true\" aria-invalid=\"false\" \/><\/span>\n        <\/div><\/div>\n<div class=\"col-md-12\">\n<div class=\"form-group\">\n            <label for=\"contact-subject\">Tema<\/label><br \/>\n            <span class=\"wpcf7-form-control-wrap your-subject\"><input type=\"text\" name=\"your-subject\" value=\"\" size=\"40\" class=\"wpcf7-form-control wpcf7-text form-control\" id=\"contact-subject\" aria-invalid=\"false\" \/><\/span>\n        <\/div><\/div>\n<div class=\"col-md-12\">\n<div class=\"form-group\">\n            <label for=\"contact-message\">Mensaje<\/label><br \/>\n            <span class=\"wpcf7-form-control-wrap your-message\"><textarea name=\"your-message\" cols=\"40\" rows=\"10\" class=\"wpcf7-form-control wpcf7-textarea form-control\" id=\"contact-message\" aria-invalid=\"false\"><\/textarea><\/span>\n        <\/div><\/div>\n<div class=\"col-md-12\">\n<div class=\"form-group\">\n            <input type=\"submit\" value=\"Enviar Mensaje\" class=\"wpcf7-form-control wpcf7-submit btn btn-primary btn-lg\" \/>\n        <\/div><\/div>\n<\/div>\n<div class=\"wpcf7-response-output wpcf7-display-none\"><\/div><\/form><\/div>[\/vc_column][vc_column width=&#8221;1\/2&#8243;][vc_custom_heading text=&#8221;Cu\u00e9ntanos <strong>Tu Proyecto<\/strong>&#8221; font_container=&#8221;tag:h4|text_align:left&#8221; use_theme_fonts=&#8221;yes&#8221; skin=&#8221;primary&#8221; el_class=&#8221;m-t&#8221;][vc_column_text]Estaremos encantados de escuchar lo que buscas y darte un presupuesto sin compromiso.<\/p>\n<p>Recuerda que somos especialistas en muebles a medida, armarios y vestidores, estanter\u00edas, puertas, cocinas, ba\u00f1os, suelos, restauraci\u00f3n de muebles y pr\u00e1cticamente cualquier idea que se te pase por la cabeza en madera y otros materiales.[\/vc_column_text][vc_separator color=&#8221;custom&#8221; gradient=&#8221;yes&#8221;][vc_custom_heading text=&#8221;Nuestro <strong>Taller<\/strong>&#8221; font_container=&#8221;tag:h4|text_align:left&#8221; use_theme_fonts=&#8221;yes&#8221; skin=&#8221;primary&#8221;]<div class=\"aio-icon-component    style_1\"><div id=\"Info-box-wrap-6995\" class=\"aio-icon-box default-icon\" style=\"\"  ><div class=\"aio-icon-default\"><div class=\"ult-just-icon-wrapper  \"><div class=\"align-icon\" style=\"text-align:center;\">\n<div class=\"aio-icon circle \"  style=\"color:#ffffff;background:#0088cc;font-size:14px;display:inline-block;\">\n\t<i class=\"Defaults-map-marker\"><\/i>\n<\/div><\/div><\/div><\/div><div class=\"aio-icon-header\" ><h3 class=\"aio-icon-title ult-responsive\"  data-ultimate-target='#Info-box-wrap-6995 .aio-icon-title'  data-responsive-json-new='{\"font-size\":\"desktop:14px;\",\"line-height\":\"\"}'  style=\"color:#777777;\"><strong>Direcci\u00f3n:<\/strong> C\/Esteban Salazar Chapela, 20, Port\u00f3n 5, Nave 100 Pol. Ind. Guadalhorce \/ 29004 - M\u00e1laga<\/h3><\/div> <!-- header --><\/div> <!-- aio-icon-box --><\/div> <!-- aio-icon-component --><div class=\"aio-icon-component   m-t-n style_1\"><div id=\"Info-box-wrap-9279\" class=\"aio-icon-box default-icon\" style=\"\"  ><div class=\"aio-icon-default\"><div class=\"ult-just-icon-wrapper  \"><div class=\"align-icon\" style=\"text-align:center;\">\n<div class=\"aio-icon circle \"  style=\"color:#ffffff;background:#0088cc;font-size:14px;display:inline-block;\">\n\t<i class=\"Defaults-phone\"><\/i>\n<\/div><\/div><\/div><\/div><div class=\"aio-icon-header\" ><h3 class=\"aio-icon-title ult-responsive\"  data-ultimate-target='#Info-box-wrap-9279 .aio-icon-title'  data-responsive-json-new='{\"font-size\":\"desktop:14px;\",\"line-height\":\"\"}'  style=\"color:#777777;\"><strong>Tel\u00e9fono:<\/strong> 654 55 80 79 \/ 952 17 32 80<\/h3><\/div> <!-- header --><\/div> <!-- aio-icon-box --><\/div> <!-- aio-icon-component --><div class=\"aio-icon-component   m-t-n style_1\"><div id=\"Info-box-wrap-7227\" class=\"aio-icon-box default-icon\" style=\"\"  ><div class=\"aio-icon-default\"><div class=\"ult-just-icon-wrapper  \"><div class=\"align-icon\" style=\"text-align:center;\">\n<div class=\"aio-icon circle \"  style=\"color:#ffffff;background:#0088cc;font-size:14px;display:inline-block;\">\n\t<i class=\"Defaults-envelope\"><\/i>\n<\/div><\/div><\/div><\/div><div class=\"aio-icon-header\" ><h3 class=\"aio-icon-title ult-responsive\"  data-ultimate-target='#Info-box-wrap-7227 .aio-icon-title'  data-responsive-json-new='{\"font-size\":\"desktop:14px;\",\"line-height\":\"\"}'  style=\"color:#777777;\"><strong>Email:<\/strong> info@carpinterialuque.com<\/h3><\/div> <!-- header --><\/div> <!-- aio-icon-box --><\/div> <!-- aio-icon-component -->[vc_separator color=&#8221;custom&#8221; gradient=&#8221;yes&#8221;][vc_custom_heading text=&#8221;Nuestro <strong>Horario<\/strong>&#8221; font_container=&#8221;tag:h4|text_align:left&#8221; use_theme_fonts=&#8221;yes&#8221; skin=&#8221;primary&#8221;]<div class=\"aio-icon-component    style_1\"><div id=\"Info-box-wrap-5524\" class=\"aio-icon-box default-icon\" style=\"\"  ><div class=\"aio-icon-default\"><div class=\"ult-just-icon-wrapper  \"><div class=\"align-icon\" style=\"text-align:center;\">\n<div class=\"aio-icon none \"  style=\"color:#333;font-size:14px;display:inline-block;\">\n\t<i class=\"Defaults-clock-o\"><\/i>\n<\/div><\/div><\/div><\/div><div class=\"aio-icon-header\" ><h3 class=\"aio-icon-title ult-responsive\"  data-ultimate-target='#Info-box-wrap-5524 .aio-icon-title'  data-responsive-json-new='{\"font-size\":\"desktop:14px;\",\"line-height\":\"\"}'  style=\"color:#777777;\">Lun - Vie \/ 8:00 AM - 5:00 PM<\/h3><\/div> <!-- header --><\/div> <!-- aio-icon-box --><\/div> <!-- aio-icon-component --><div class=\"aio-icon-component   m-t-n style_1\"><div id=\"Info-box-wrap-4388\" class=\"aio-icon-box default-icon\" style=\"\"  ><div class=\"aio-icon-default\"><div class=\"ult-just-icon-wrapper  \"><div class=\"align-icon\" style=\"text-align:center;\">\n<div class=\"aio-icon none \"  style=\"color:#333;font-size:14px;display:inline-block;\">\n\t<i class=\"Defaults-clock-o\"><\/i>\n<\/div><\/div><\/div><\/div><div class=\"aio-icon-header\" ><h3 class=\"aio-icon-title ult-responsive\"  data-ultimate-target='#Info-box-wrap-4388 .aio-icon-title'  data-responsive-json-new='{\"font-size\":\"desktop:14px;\",\"line-height\":\"\"}'  style=\"color:#777777;\">S\u00e1bado - Cerrado<\/h3><\/div> <!-- header --><\/div> <!-- aio-icon-box --><\/div> <!-- aio-icon-component --><div class=\"aio-icon-component   m-t-n style_1\"><div id=\"Info-box-wrap-9832\" class=\"aio-icon-box default-icon\" style=\"\"  ><div class=\"aio-icon-default\"><div class=\"ult-just-icon-wrapper  \"><div class=\"align-icon\" style=\"text-align:center;\">\n<div class=\"aio-icon none \"  style=\"color:#333;font-size:14px;display:inline-block;\">\n\t<i class=\"Defaults-clock-o\"><\/i>\n<\/div><\/div><\/div><\/div><div class=\"aio-icon-header\" ><h3 class=\"aio-icon-title ult-responsive\"  data-ultimate-target='#Info-box-wrap-9832 .aio-icon-title'  data-responsive-json-new='{\"font-size\":\"desktop:14px;\",\"line-height\":\"\"}'  style=\"color:#777777;\">Domingo - Cerrado<\/h3><\/div> <!-- header --><\/div> <!-- aio-icon-box --><\/div> <!-- aio-icon-component -->[\/vc_column][\/vc_row]<\/p>\n","protected":false},"excerpt":{"rendered":"<p>[vc_row full_width=&#8221;stretch_row_content_no_spaces&#8221; css=&#8221;.vc_custom_1443107716300{margin-top: 0px !important;margin-bottom: 0px !important;}&#8221;][vc_column][vc_gmaps link=&#8221;#E-8_JTNDaWZyYW1lJTIwc3JjJTNEJTIyaHR0cHMlM0ElMkYlMkZ3d3cuZ29vZ2xlLmNvbSUyRm1hcHMlMkZlbWJlZCUzRnBiJTNEJTIxMW0xOCUyMTFtMTIlMjExbTMlMjExZDMxOTkuMjUzMjYwNzgyNzQ3NSUyMTJkLTQuNDc3MjM5MTg0NDM0NDg4JTIxM2QzNi42OTI0NTE1Nzk5NzElMjEybTMlMjExZjAlMjEyZjAlMjEzZjAlMjEzbTIlMjExaTEwMjQlMjEyaTc2OCUyMTRmMTMuMSUyMTNtMyUyMTFtMiUyMTFzMHhkNzJmOWY5NTA3YWFlYzMlMjUzQTB4OTc2YzU5ZWQyMTI2YzdmZCUyMTJzQ2FycGludGVyaWElMkJMVVFVRSUyNTJDJTJCRWJhbmlzdGVyJTI1QzMlMjVBRGElMjE1ZTAlMjEzbTIlMjExc2VuJTIxMnNlcyUyMTR2MTQ4MzExNTY2MzA0MSUyMiUyMHdpZHRoJTNEJTIyNjAwJTIyJTIwaGVpZ2h0JTNEJTIyNDUwJTIyJTIwZnJhbWVib3JkZXIlM0QlMjIwJTIyJTIwc3R5bGUlM0QlMjJib3JkZXIlM0EwJTIyJTIwYWxsb3dmdWxsc2NyZWVuJTNFJTNDJTJGaWZyYW1lJTNF&#8221;][\/vc_column][\/vc_row][vc_row wrap_container=&#8221;yes&#8221; is_section=&#8221;yes&#8221; section_skin=&#8221;parallax&#8221; remove_margin_top=&#8221;yes&#8221; remove_margin_bottom=&#8221;yes&#8221;][vc_column width=&#8221;1\/2&#8243;][\/vc_column][vc_column width=&#8221;1\/2&#8243;][vc_custom_heading text=&#8221;Cu\u00e9ntanos Tu Proyecto&#8221; font_container=&#8221;tag:h4|text_align:left&#8221; use_theme_fonts=&#8221;yes&#8221; skin=&#8221;primary&#8221; el_class=&#8221;m-t&#8221;][vc_column_text]Estaremos encantados de escuchar lo que buscas y darte un presupuesto sin compromiso. Recuerda que somos especialistas en muebles a medida, armarios y vestidores, estanter\u00edas, puertas, cocinas, ba\u00f1os, suelos, restauraci\u00f3n de muebles y pr\u00e1cticamente [&hellip;]<\/p>\n","protected":false},"author":1,"featured_media":0,"parent":0,"menu_order":0,"comment_status":"open","ping_status":"open","template":"","meta":[],"acf":[],"_links":{"self":[{"href":"https:\/\/www.carpinterialuque.com\/index.php\/wp-json\/wp\/v2\/pages\/37"}],"collection":[{"href":"https:\/\/www.carpinterialuque.com\/index.php\/wp-json\/wp\/v2\/pages"}],"about":[{"href":"https:\/\/www.carpinterialuque.com\/index.php\/wp-json\/wp\/v2\/types\/page"}],"author":[{"embeddable":true,"href":"https:\/\/www.carpinterialuque.com\/index.php\/wp-json\/wp\/v2\/users\/1"}],"replies":[{"embeddable":true,"href":"https:\/\/www.carpinterialuque.com\/index.php\/wp-json\/wp\/v2\/comments?post=37"}],"version-history":[{"count":5,"href":"https:\/\/www.carpinterialuque.com\/index.php\/wp-json\/wp\/v2\/pages\/37\/revisions"}],"predecessor-version":[{"id":4249,"href":"https:\/\/www.carpinterialuque.com\/index.php\/wp-json\/wp\/v2\/pages\/37\/revisions\/4249"}],"wp:attachment":[{"href":"https:\/\/www.carpinterialuque.com\/index.php\/wp-json\/wp\/v2\/media?parent=37"}],"curies":[{"name":"wp","href":"https:\/\/api.w.org\/{rel}","templated":true}]}}